{"id":4552,"date":"2024-12-10T17:10:37","date_gmt":"2024-12-11T01:10:37","guid":{"rendered":"https:\/\/valleyviewcasino.com\/casino\/"},"modified":"2025-05-01T13:19:07","modified_gmt":"2025-05-01T20:19:07","slug":"casino","status":"publish","type":"page","link":"https:\/\/valleyviewcasino.com\/es\/casino\/","title":{"rendered":"Casino"},"content":{"rendered":"\t\t<div data-elementor-type=\"wp-page\" data-elementor-id=\"4552\" class=\"elementor elementor-4552 elementor-280\" data-elementor-post-type=\"page\">\n\t\t\t\t<div class=\"elementor-element elementor-element-96cd66f e-con-full hero-child-pages e-flex e-con e-parent\" data-id=\"96cd66f\" data-element_type=\"container\" data-settings=\"{&quot;background_background&quot;:&quot;video&quot;,&quot;background_play_on_mobile&quot;:&quot;yes&quot;,&quot;background_video_link&quot;:&quot;https:\\\/\\\/valleyviewcasino.com\\\/wp-content\\\/uploads\\\/2025\\\/04\\\/vvch-casino-hero-video.mp4&quot;}\">\n\t\t<div class=\"elementor-background-video-container\" aria-hidden=\"true\">\n\t\t\t\t\t\t\t<video class=\"elementor-background-video-hosted\" autoplay muted playsinline loop><\/video>\n\t\t\t\t\t<\/div><div class=\"elementor-element elementor-element-2316063 e-flex e-con-boxed e-con e-child\" data-id=\"2316063\" data-element_type=\"container\" data-settings=\"{&quot;background_background&quot;:&quot;gradient&quot;}\">\n\t\t\t\t\t<div class=\"e-con-inner\">\n\t\t\t\t<div class=\"elementor-element elementor-element-283f4b3 gradient-text elementor-invisible elementor-widget elementor-widget-heading\" data-id=\"283f4b3\" data-element_type=\"widget\" data-settings=\"{&quot;_animation&quot;:&quot;zoomIn&quot;}\" data-widget_type=\"heading.default\">\n\t\t\t\t<div class=\"elementor-widget-container\">\n\t\t\t\t\t<h1 class=\"elementor-heading-title elementor-size-default\">Prueba tu suerte en las m\u00e1quinas tragamonedas m\u00e1s generosas de San Diego<\/h1>\t\t\t\t<\/div>\n\t\t\t\t<\/div>\n\t\t\t\t\t<\/div>\n\t\t\t\t<\/div>\n\t\t\t\t<\/div>\n\t\t<div class=\"elementor-element elementor-element-08e9dda e-con-full e-flex e-con e-parent\" data-id=\"08e9dda\" data-element_type=\"container\" data-settings=\"{&quot;background_background&quot;:&quot;classic&quot;}\">\n\t\t<div class=\"elementor-element elementor-element-ad797d3 e-flex e-con-boxed e-con e-child\" data-id=\"ad797d3\" data-element_type=\"container\">\n\t\t\t\t\t<div class=\"e-con-inner\">\n\t\t\t\t<div class=\"elementor-element elementor-element-cd7e48e elementor-widget elementor-widget-heading\" data-id=\"cd7e48e\" data-element_type=\"widget\" data-widget_type=\"heading.default\">\n\t\t\t\t<div class=\"elementor-widget-container\">\n\t\t\t\t\t<h2 class=\"elementor-heading-title elementor-size-default\">La mejor acci\u00f3n de juego en San Diego  <\/h2>\t\t\t\t<\/div>\n\t\t\t\t<\/div>\n\t\t\t\t<div class=\"elementor-element elementor-element-0e6a216 elementor-widget elementor-widget-text-editor\" data-id=\"0e6a216\" data-element_type=\"widget\" data-widget_type=\"text-editor.default\">\n\t\t\t\t<div class=\"elementor-widget-container\">\n\t\t\t\t\t\t\t\t\t<p>El Valley View Casino &amp; Hotel ofrece un casino de categor\u00eda mundial en la zona de San Diego. Disfruta de innovadoras m\u00e1quinas tragamonedas, emocionantes juegos de mesa, el <a href=\"\/players-club\">Club de Jugadores<\/a> m\u00e1s gratificante, un servicio al cliente sin igual, un casino independiente libre de humos y mucho m\u00e1s. \u00a1Entra hoy mismo en la acci\u00f3n del juego!  <\/p><p>Tenga en cuenta que no se permite vapear en ning\u00fan lugar dentro de nuestro casino.<\/p><p>Todos los clientes mayores de 21 a\u00f1os son bienvenidos a disfrutar de nuestro casino, <a href=\"https:\/\/valleyviewcasino.com\/es\/los-restaurantes\/\">restaurantes<\/a> y <a href=\"https:\/\/valleyviewcasino.com\/es\/hotel\/\">hotel<\/a>.<\/p>\t\t\t\t\t\t\t\t<\/div>\n\t\t\t\t<\/div>\n\t\t\t\t\t<\/div>\n\t\t\t\t<\/div>\n\t\t\t\t<\/div>\n\t\t<div class=\"elementor-element elementor-element-c93e31b e-flex e-con-boxed e-con e-parent\" data-id=\"c93e31b\" data-element_type=\"container\" data-settings=\"{&quot;background_background&quot;:&quot;classic&quot;}\">\n\t\t\t\t\t<div class=\"e-con-inner\">\n\t\t<div class=\"elementor-element elementor-element-d660150 e-grid e-con-boxed e-con e-child\" data-id=\"d660150\" data-element_type=\"container\">\n\t\t\t\t\t<div class=\"e-con-inner\">\n\t\t<a class=\"elementor-element elementor-element-ddff59d e-con-full kt_zoom-hover kt_games-cont e-flex e-con e-child\" data-id=\"ddff59d\" data-element_type=\"container\" data-settings=\"{&quot;background_background&quot;:&quot;classic&quot;}\" href=\"https:\/\/valleyviewcasino.com\/es\/casino\/tragaperras-y-juegos-de-mesa\/\">\n\t\t\t\t<div class=\"elementor-element elementor-element-7df3059 kt_games-titles elementor-widget elementor-widget-heading\" data-id=\"7df3059\" data-element_type=\"widget\" data-widget_type=\"heading.default\">\n\t\t\t\t<div class=\"elementor-widget-container\">\n\t\t\t\t\t<h4 class=\"elementor-heading-title elementor-size-default\">Juegos de Mesa<\/h4>\t\t\t\t<\/div>\n\t\t\t\t<\/div>\n\t\t\t\t<\/a>\n\t\t<a class=\"elementor-element elementor-element-433b5d3 e-con-full kt_zoom-hover kt_games-cont e-flex e-con e-child\" data-id=\"433b5d3\" data-element_type=\"container\" data-settings=\"{&quot;background_background&quot;:&quot;classic&quot;}\" href=\"https:\/\/valleyviewcasino.com\/es\/casino\/tragaperras-y-juegos-de-mesa\/\">\n\t\t\t\t<div class=\"elementor-element elementor-element-65b63be kt_games-titles elementor-widget elementor-widget-heading\" data-id=\"65b63be\" data-element_type=\"widget\" data-widget_type=\"heading.default\">\n\t\t\t\t<div class=\"elementor-widget-container\">\n\t\t\t\t\t<h4 class=\"elementor-heading-title elementor-size-default\">Tragamonedas<\/h4>\t\t\t\t<\/div>\n\t\t\t\t<\/div>\n\t\t\t\t<\/a>\n\t\t<a class=\"elementor-element elementor-element-f2f6bcb e-con-full kt_zoom-hover kt_games-cont e-flex e-con e-child\" data-id=\"f2f6bcb\" data-element_type=\"container\" data-settings=\"{&quot;background_background&quot;:&quot;classic&quot;}\" href=\"https:\/\/valleyviewcasino.com\/es\/casino\/richer-roulette\/\">\n\t\t\t\t<div class=\"elementor-element elementor-element-5ddcf76 kt_games-titles elementor-widget elementor-widget-heading\" data-id=\"5ddcf76\" data-element_type=\"widget\" data-widget_type=\"heading.default\">\n\t\t\t\t<div class=\"elementor-widget-container\">\n\t\t\t\t\t<h4 class=\"elementor-heading-title elementor-size-default\">Reveal Roulette<\/h4>\t\t\t\t<\/div>\n\t\t\t\t<\/div>\n\t\t\t\t<\/a>\n\t\t<a class=\"elementor-element elementor-element-88e1f29 e-con-full kt_zoom-hover kt_games-cont e-flex e-con e-child\" data-id=\"88e1f29\" data-element_type=\"container\" data-settings=\"{&quot;background_background&quot;:&quot;classic&quot;}\" href=\"https:\/\/valleyviewcasino.com\/es\/el-club\/el-club-de-jugadores\/\">\n\t\t\t\t<div class=\"elementor-element elementor-element-3e181d3 kt_games-titles elementor-widget elementor-widget-heading\" data-id=\"3e181d3\" data-element_type=\"widget\" data-widget_type=\"heading.default\">\n\t\t\t\t<div class=\"elementor-widget-container\">\n\t\t\t\t\t<h4 class=\"elementor-heading-title elementor-size-default\">El Club De Jugadores<\/h4>\t\t\t\t<\/div>\n\t\t\t\t<\/div>\n\t\t\t\t<\/a>\n\t\t<a class=\"elementor-element elementor-element-a53ecb1 e-con-full kt_zoom-hover kt_games-cont e-flex e-con e-child\" data-id=\"a53ecb1\" data-element_type=\"container\" data-settings=\"{&quot;background_background&quot;:&quot;classic&quot;}\" href=\"https:\/\/valleyviewcasino.com\/es\/casino\/ganadores-recientes\/\">\n\t\t\t\t<div class=\"elementor-element elementor-element-25dd877 kt_games-titles elementor-widget elementor-widget-heading\" data-id=\"25dd877\" data-element_type=\"widget\" data-widget_type=\"heading.default\">\n\t\t\t\t<div class=\"elementor-widget-container\">\n\t\t\t\t\t<h4 class=\"elementor-heading-title elementor-size-default\">Ganadores Recientes<\/h4>\t\t\t\t<\/div>\n\t\t\t\t<\/div>\n\t\t\t\t<\/a>\n\t\t<a class=\"elementor-element elementor-element-f46c639 e-con-full kt_zoom-hover kt_games-cont e-flex e-con e-child\" data-id=\"f46c639\" data-element_type=\"container\" data-settings=\"{&quot;background_background&quot;:&quot;classic&quot;}\" href=\"https:\/\/valleyviewcasino.com\/es\/casino\/casino-libre-de-humo\/\">\n\t\t\t\t<div class=\"elementor-element elementor-element-bc772bf kt_games-titles elementor-widget elementor-widget-heading\" data-id=\"bc772bf\" data-element_type=\"widget\" data-widget_type=\"heading.default\">\n\t\t\t\t<div class=\"elementor-widget-container\">\n\t\t\t\t\t<h4 class=\"elementor-heading-title elementor-size-default\">Casino Libre de Humo<\/h4>\t\t\t\t<\/div>\n\t\t\t\t<\/div>\n\t\t\t\t<\/a>\n\t\t<a class=\"elementor-element elementor-element-ba0b3b7 e-con-full kt_zoom-hover kt_games-cont e-flex e-con e-child\" data-id=\"ba0b3b7\" data-element_type=\"container\" data-settings=\"{&quot;background_background&quot;:&quot;classic&quot;}\" href=\"https:\/\/valleyviewcasino.com\/es\/casino\/anfitriones-del-casino\/\">\n\t\t\t\t<div class=\"elementor-element elementor-element-df7e444 kt_games-titles elementor-widget elementor-widget-heading\" data-id=\"df7e444\" data-element_type=\"widget\" data-widget_type=\"heading.default\">\n\t\t\t\t<div class=\"elementor-widget-container\">\n\t\t\t\t\t<h4 class=\"elementor-heading-title elementor-size-default\">Anfitriones del Casino<\/h4>\t\t\t\t<\/div>\n\t\t\t\t<\/div>\n\t\t\t\t<\/a>\n\t\t<a class=\"elementor-element elementor-element-08605bb e-con-full kt_zoom-hover kt_games-cont e-flex e-con e-child\" data-id=\"08605bb\" data-element_type=\"container\" data-settings=\"{&quot;background_background&quot;:&quot;classic&quot;}\" href=\"https:\/\/valleyviewcasino.com\/es\/casino\/tarjetas-de-regalo\/\">\n\t\t\t\t<div class=\"elementor-element elementor-element-3a69c27 kt_games-titles elementor-widget elementor-widget-heading\" data-id=\"3a69c27\" data-element_type=\"widget\" data-widget_type=\"heading.default\">\n\t\t\t\t<div class=\"elementor-widget-container\">\n\t\t\t\t\t<h4 class=\"elementor-heading-title elementor-size-default\">Tarjetas de Regalo<\/h4>\t\t\t\t<\/div>\n\t\t\t\t<\/div>\n\t\t\t\t<\/a>\n\t\t<a class=\"elementor-element elementor-element-5c2a7ff e-con-full kt_zoom-hover kt_games-cont e-flex e-con e-child\" data-id=\"5c2a7ff\" data-element_type=\"container\" data-settings=\"{&quot;background_background&quot;:&quot;classic&quot;}\" href=\"https:\/\/valleyviewcasino.com\/es\/casino\/declaraciones-de-ganancias-y-perdidas-y-formularios-de-impuestos\/\">\n\t\t\t\t<div class=\"elementor-element elementor-element-80eb682 kt_games-titles elementor-widget elementor-widget-heading\" data-id=\"80eb682\" data-element_type=\"widget\" data-widget_type=\"heading.default\">\n\t\t\t\t<div class=\"elementor-widget-container\">\n\t\t\t\t\t<h4 class=\"elementor-heading-title elementor-size-default\">DECLARACIONES DE GANANCIAS\/P\u00c9RDIDAS\n Y FORMULARIOS FISCALES<\/h4>\t\t\t\t<\/div>\n\t\t\t\t<\/div>\n\t\t\t\t<\/a>\n\t\t\t\t\t<\/div>\n\t\t\t\t<\/div>\n\t\t\t\t\t<\/div>\n\t\t\t\t<\/div>\n\t\t\t\t<\/div>\n\t\t","protected":false},"excerpt":{"rendered":"<p>Prueba tu suerte en las m\u00e1quinas tragamonedas m\u00e1s generosas de San Diego La mejor acci\u00f3n de juego en San Diego El Valley View Casino &amp; Hotel ofrece un casino de [&hellip;]<\/p>\n","protected":false},"author":2,"featured_media":0,"parent":0,"menu_order":0,"comment_status":"closed","ping_status":"closed","template":"","meta":{"_acf_changed":false,"inline_featured_image":false,"footnotes":""},"class_list":["post-4552","page","type-page","status-publish","hentry"],"acf":[],"_links":{"self":[{"href":"https:\/\/valleyviewcasino.com\/es\/wp-json\/wp\/v2\/pages\/4552","targetHints":{"allow":["GET"]}}],"collection":[{"href":"https:\/\/valleyviewcasino.com\/es\/wp-json\/wp\/v2\/pages"}],"about":[{"href":"https:\/\/valleyviewcasino.com\/es\/wp-json\/wp\/v2\/types\/page"}],"author":[{"embeddable":true,"href":"https:\/\/valleyviewcasino.com\/es\/wp-json\/wp\/v2\/users\/2"}],"replies":[{"embeddable":true,"href":"https:\/\/valleyviewcasino.com\/es\/wp-json\/wp\/v2\/comments?post=4552"}],"version-history":[{"count":4,"href":"https:\/\/valleyviewcasino.com\/es\/wp-json\/wp\/v2\/pages\/4552\/revisions"}],"predecessor-version":[{"id":8924,"href":"https:\/\/valleyviewcasino.com\/es\/wp-json\/wp\/v2\/pages\/4552\/revisions\/8924"}],"wp:attachment":[{"href":"https:\/\/valleyviewcasino.com\/es\/wp-json\/wp\/v2\/media?parent=4552"}],"curies":[{"name":"wp","href":"https:\/\/api.w.org\/{rel}","templated":true}]}}